{"id":1659,"date":"2021-01-26T11:18:37","date_gmt":"2021-01-26T03:18:37","guid":{"rendered":"https:\/\/italian-ti-services.com.au\/?page_id=1659"},"modified":"2021-06-05T15:21:10","modified_gmt":"2021-06-05T07:21:10","slug":"about-us","status":"publish","type":"page","link":"https:\/\/italian-ti-services.com.au\/it\/about-us\/","title":{"rendered":"Chi Siamo"},"content":{"rendered":"<div class=\"wpb-content-wrapper\"><div data-vc-full-width=\"true\" data-vc-full-width-temp=\"true\" data-vc-full-width-init=\"false\" class=\"vc_row wpb_row vc_row-fluid vc_custom_1612618453260 vc_row-has-fill\"><div class=\"wpb_column vc_column_container vc_col-sm-6 vc_col-has-fill sc_layouts_column_icons_position_left\"><div class=\"vc_column-inner vc_custom_1612618506904\"><div class=\"wpb_wrapper\">\n\t<div class=\"wpb_text_column wpb_content_element\" >\n\t\t<div class=\"wpb_wrapper\">\n\t\t\t<h3><\/h3>\n<h3><\/h3>\n<h3><\/h3>\n<h3><\/h3>\n<h3><\/h3>\n<h3><img loading=\"lazy\" decoding=\"async\" class=\"wp-image-2013 alignnone\" src=\"https:\/\/italian-ti-services.com.au\/wp-content\/uploads\/2021\/02\/TRARossana-0.jpg\" alt=\"\" width=\"164\" height=\"220\" srcset=\"https:\/\/italian-ti-services.com.au\/wp-content\/uploads\/2021\/02\/TRARossana-0.jpg 250w, https:\/\/italian-ti-services.com.au\/wp-content\/uploads\/2021\/02\/TRARossana-0-223x300.jpg 223w\" sizes=\"auto, (max-width: 164px) 100vw, 164px\" \/><\/h3>\n<h4>Rossana Perino<\/h4>\n<p>Traduttrice\/Interprete professionista qualificata in Italia e Australia e accreditata presso l\u2019autorit\u00e0 nazionale australiana NAATI, fondatrice e direttrice dell\u2019agenzia di servizi linguistici Italian T\/I Services dal 1999.<\/p>\n<p>Recenti qualifiche relative all\u2019attivit\u00e0 linguistica.<\/p>\n<p><strong>1985<\/strong>\u00a0&#8211; Certificate in Translating<br \/>\nCentral Tafe Perth<\/p>\n<p><strong>1986<\/strong>\u00a0&#8211; Level 2 NAATI Accreditation<br \/>\nTranslating Italian-English-Italian<\/p>\n<p><strong>1990<\/strong>\u00a0&#8211; Level 3 NAATI Accreditation<br \/>\nTranslating (Professional Level) English-Italian<\/p>\n<p><strong>1999<\/strong>\u00a0&#8211; DITALS Certificate (Teaching Italian as a Second Language)<br \/>\nUniversity for Foreigners, Siena &#8211; ITALY<\/p>\n<p><strong>2001<\/strong>\u00a0&#8211; Master of Education ITALS (Teaching Italian as a Second Language)<br \/>\nUniversity &#8220;Ca&#8217; Foscari&#8221; Venice &#8211; ITALY<\/p>\n<p><strong>2002<\/strong>\u00a0&#8211; Mental Health Interpreting Certificate<br \/>\nCentral TAFE, Perth, AUSTRALIA<\/p>\n<p><strong>2003<\/strong>\u00a0&#8211; Health Interpreting Certificate<br \/>\nCentral TAFE, Perth, AUSTRALIA<\/p>\n<p><strong>2004<\/strong>\u00a0&#8211; Advanced Diploma in Iterpreting (NAATI Level 3)<br \/>\nCentral TAFE, Perth, AUSTRALIA<\/p>\n<p><strong>2004<\/strong>\u00a0&#8211; Level 3 NAATI Accreditation<br \/>\nInterpreter (Professional Level) English-Italian &#8211; English<\/p>\n<p><strong>2005<\/strong>\u00a0&#8211; Master of Arts in Translation and Linguistics<br \/>\nUniversity of Western Sydney, AUSTRALIA<\/p>\n<p><strong>2009<\/strong>\u00a0&#8211; Legal Translation Course, English-Italian (70 hrs)<br \/>\nUniversity of Insubria, Como &#8211; ITALY<\/p>\n<p>Per informazioni pi\u00f9 dettagliate\u00a0<a href=\"https:\/\/italian-ti-services.com.au\/wp-content\/uploads\/2021\/02\/CV-T-I-Updated-2020.pdf\" target=\"_blank\" rel=\"noopener\">consultare il CV<\/a><\/p>\n\n\t\t<\/div>\n\t<\/div>\n<div class=\"vc_empty_space  height_tiny\"   style=\"height: 32px\"><span class=\"vc_empty_space_inner\"><\/span><\/div><div class=\"vc_empty_space  height_tiny\"   style=\"height: 32px\"><span class=\"vc_empty_space_inner\"><\/span><\/div><\/div><\/div><\/div><div class=\"wpb_column vc_column_container vc_col-sm-6 sc_layouts_column_icons_position_left\"><div class=\"vc_column-inner\"><div class=\"wpb_wrapper\"><div class=\"vc_empty_space  height_tiny\"   style=\"height: 32px\"><span class=\"vc_empty_space_inner\"><\/span><\/div><div class=\"vc_empty_space  height_tiny\"   style=\"height: 32px\"><span class=\"vc_empty_space_inner\"><\/span><\/div><div class=\"vc_empty_space  height_tiny\"   style=\"height: 32px\"><span class=\"vc_empty_space_inner\"><\/span><\/div><div class=\"vc_empty_space  height_tiny\"   style=\"height: 32px\"><span class=\"vc_empty_space_inner\"><\/span><\/div><div class=\"vc_empty_space  height_tiny\"   style=\"height: 32px\"><span class=\"vc_empty_space_inner\"><\/span><\/div><div class=\"vc_empty_space  height_tiny\"   style=\"height: 32px\"><span class=\"vc_empty_space_inner\"><\/span><\/div><div  class=\"vc_wp_text wpb_content_element\"><div class=\"widget widget_text\">\t\t\t<div class=\"textwidget\"><\/p>\n<h2 style=\"text-align: center;\">Testimonianze<\/h2>\n<p>\n<\/div>\n\t\t<\/div><\/div><div class=\"cq-testimonialcarousel\" data-avatarwidth=\"40\" data-avatarheight=\"100\" data-italic=\"on\" data-font=\"\" data-tnumber=\"1\" data-twidth=\"60%\" data-tmargin=\"\" data-tpadding=\"\" data-arrowmarginleft=\"\" data-namemargin=\"\" data-avatarmarginleft=\"\" data-tbackgroundcolor=\"#ffffff\" data-ttextcolor=\"#000000\" data-autoplay=\"on\" data-autoplayspeed=\"6000\" data-noloop=\"off\" data-fontsize=\"\" data-namesize=\"18px\" data-subtitlesize=\"\" data-notooltip=\"off\"><div class=\"testimonial-wrap\"><div class=\"testimonial\" data-color=\"\" data-background=\"\">&#8220;Ms Rossana Perino worked to an exceptional standard. She has worked with great professionalism and a deep insight into how true Italian would be written.&#8221;<\/p><\/div><div class=\"arrow-down\"><\/div><div class=\"testimonial-info\"><h4>J.M.<\/h4><p><\/p><\/div><\/div><div class=\"testimonial-wrap\"><div class=\"testimonial\" data-color=\"\" data-background=\"\"><p>&#8220;Buongiorno sig.ra Perino, colgo l&#8217;occasione per ringraziarLa per l&#8217;efficiente e professionale servizio da Lei svolto, \u00e8 stato, e sono sicura sar\u00e0, di grande aiuto.&#8221;<\/p><\/div><div class=\"arrow-down\"><\/div><div class=\"testimonial-info\"><h4> Vale<\/h4><p><\/p><\/div><\/div><div class=\"testimonial-wrap\"><div class=\"testimonial\" data-color=\"\" data-background=\"\"><p>&#8220;Grazie molte Sig.ra Perino. Ho ieri ricevuto la sua traduzione del mio diploma. Perfetto era proprio quello che mi aspettavo.&#8221;<\/p><\/div><div class=\"arrow-down\"><\/div><div class=\"testimonial-info\"><h4> Sara<\/h4><p><\/p><\/div><\/div><div class=\"testimonial-wrap\"><div class=\"testimonial\" data-color=\"\" data-background=\"\"><p>&#8220;Hello Rossana, Thank you for your services. You are very prompt and professional. I await the hard copy by mail.&#8221;<\/p><\/div><div class=\"arrow-down\"><\/div><div class=\"testimonial-info\"><h4> J.L.<\/h4><p><\/p><\/div><\/div><div class=\"testimonial-wrap\"><div class=\"testimonial\" data-color=\"\" data-background=\"\"><p>&#8220;Hello Rossana. Thank you so very much, I appreciate that you performed the translation so quickly. Thanks again and kindest regards.&#8221;<\/div><div class=\"arrow-down\"><\/div><div class=\"testimonial-info\"><h4> C.R.<\/h4><p><\/p><\/div><\/div><\/div><div class=\"cq-testimonialcarousel\" data-avatarwidth=\"60\" data-avatarheight=\"100\" data-italic=\"on\" data-font=\"\" data-tnumber=\"1\" data-twidth=\"\" data-tmargin=\"\" data-tpadding=\"\" data-arrowmarginleft=\"\" data-namemargin=\"\" data-avatarmarginleft=\"\" data-tbackgroundcolor=\"#ffffff\" data-ttextcolor=\"#000000\" data-autoplay=\"on\" data-autoplayspeed=\"7000\" data-noloop=\"off\" data-fontsize=\"\" data-namesize=\"18px\" data-subtitlesize=\"\" data-notooltip=\"off\"><div class=\"testimonial-wrap\"><div class=\"testimonial\" data-color=\"\" data-background=\"\">&#8220;Gentile Dottoressa, le confermo la ricezione degli allegati e le chiedo di procedere con l\u2018invio degli stessi. La ringrazio per il Suo celere lavoro e le auguro una buona serata.&#8221;<\/p><\/div><div class=\"arrow-down\"><\/div><div class=\"testimonial-info\"><h4>A.F.<\/h4><p><\/p><\/div><\/div><div class=\"testimonial-wrap\"><div class=\"testimonial\" data-color=\"\" data-background=\"\"><p>&#8220;Thank you so much, Rossana, it is certainly a pleasure to work with people of your calibre and warmth, a rare combination indeed ..! \u00a0I do not think I would still be in this profession if it wasn&#8217;t for special colleagues like you. Kind regards&#8221;<\/p><\/div><div class=\"arrow-down\"><\/div><div class=\"testimonial-info\"><h4>H.M. Interpreters International<\/h4><p><\/p><\/div><\/div><div class=\"testimonial-wrap\"><div class=\"testimonial\" data-color=\"\" data-background=\"\"><p>&#8220;La ringrazio io che fa il suo lavoro cos\u00ec bene e di conseguenza si merita altri clienti miei amici. Grazie&#8221;<\/p><\/div><div class=\"arrow-down\"><\/div><div class=\"testimonial-info\"><h4>A.T.<\/h4><p><\/p><\/div><\/div><div class=\"testimonial-wrap\"><div class=\"testimonial\" data-color=\"\" data-background=\"\"><p>&#8220;Hi Rossana just wanted to touch back and thank you again for your help, patience, professionalism and generosity of spirit with Nancy. I really appreciate you made Nancy\u2019s journey much easier to navigate, I will recommend you highly in the future! Thank you again, sunshine and abundant blessing.&#8221;<\/p><\/div><div class=\"arrow-down\"><\/div><div class=\"testimonial-info\"><h4>Wendy<\/h4><p><\/p><\/div><\/div><div class=\"testimonial-wrap\"><div class=\"testimonial\" data-color=\"\" data-background=\"\"><p>La ringrazio anticipatamente per la disponibilit\u00e0, la tempestivit\u00e0 e la grande professionalit\u00e0 che LEI dimostra quotidianamente ma che purtroppo \u00e8 cosa davvero rara soprattutto nella &#8220;burocrazia italiana&#8221;. Cordiali Saluti<\/div><div class=\"arrow-down\"><\/div><div class=\"testimonial-info\"><h4>A.T.<\/h4><p><\/p><\/div><\/div><\/div><div class=\"cq-testimonialcarousel\" data-avatarwidth=\"60\" data-avatarheight=\"100\" data-italic=\"on\" data-font=\"\" data-tnumber=\"1\" data-twidth=\"\" data-tmargin=\"\" data-tpadding=\"\" data-arrowmarginleft=\"\" data-namemargin=\"\" data-avatarmarginleft=\"\" data-tbackgroundcolor=\"#ffffff\" data-ttextcolor=\"#000000\" data-autoplay=\"on\" data-autoplayspeed=\"8000\" data-noloop=\"off\" data-fontsize=\"\" data-namesize=\"18px\" data-subtitlesize=\"\" data-notooltip=\"off\"><div class=\"testimonial-wrap\"><div class=\"testimonial\" data-color=\"\" data-background=\"\">&#8220;Buongiorno Rossana, con questa mail desidero solo ringraziarTi per la tua grandissima professionalit\u00e0 e cortesia e, specialmente, per avermi favorito nel non spostarmi, facendo &#8220;accettazione e consegna a domicilio&#8221;. Spero tanto poter ricambiare presto le tue cortesie e di accettare il tuo invito a pranzo\/cena. Un abbraccio ed ancora grazie per tutto.&#8221;<\/p><\/div><div class=\"arrow-down\"><\/div><div class=\"testimonial-info\"><h4>G.C.<\/h4><p><\/p><\/div><\/div><div class=\"testimonial-wrap\"><div class=\"testimonial\" data-color=\"\" data-background=\"\"><p>&#8220;Dear Rossana, Firstly, I would like to say your website is very useful friendly and easy to follow, also it is nice to put a name to a face.&#8221;<\/p><\/div><div class=\"arrow-down\"><\/div><div class=\"testimonial-info\"><h4>T.L.<\/h4><p><\/p><\/div><\/div><div class=\"testimonial-wrap\"><div class=\"testimonial\" data-color=\"\" data-background=\"\"><p>&#8220;Dear Rossana, I just wanted to thank you for helping my mother with her legal matters. Thank you for your meaningful work, your talent and your intelligence. You work from integrity and excellence in yourself. We couldn&#8217;t have picked a better interpreter for my mother&#8217;s needs. Sending you many blessings. Sincerely&#8221;<\/p><\/div><div class=\"arrow-down\"><\/div><div class=\"testimonial-info\"><h4>P.V.<\/h4><p><\/p><\/div><\/div><div class=\"testimonial-wrap\"><div class=\"testimonial\" data-color=\"\" data-background=\"\"><p>&#8220;Gentile Signora Rossana, le traduzioni da Lei eseguite sono piu&#8217; di cio&#8217; che mi sarei aspettato, veramente professionali. Distinti saluti&#8221;<\/div><div class=\"arrow-down\"><\/div><div class=\"testimonial-info\"><h4>Peter<\/h4><p><\/p><\/div><\/div><\/div><\/div><\/div><\/div><\/div><div class=\"vc_row-full-width vc_clearfix\"><\/div>\n<\/div>","protected":false},"excerpt":{"rendered":"Rossana Perino Professional Translator\/Interpreter accredited with the National Australian Accreditation Authority\u00a0 for Translators and Interpreters and qualified both in Italy and Australia, established Italian T\/I Services in 1999 in Perth, Western Australia. Most recent qualifications 1985\u00a0- Certificate in Translating Central Tafe Perth 1986\u00a0- Level 2 NAATI Accreditation Translating Italian-English-Italian 1990\u00a0-&hellip;","protected":false},"author":1,"featured_media":0,"parent":0,"menu_order":0,"comment_status":"closed","ping_status":"closed","template":"","meta":{"nf_dc_page":"","om_disable_all_campaigns":false,"footnotes":""},"class_list":["post-1659","page","type-page","status-publish","hentry"],"_links":{"self":[{"href":"https:\/\/italian-ti-services.com.au\/it\/wp-json\/wp\/v2\/pages\/1659","targetHints":{"allow":["GET"]}}],"collection":[{"href":"https:\/\/italian-ti-services.com.au\/it\/wp-json\/wp\/v2\/pages"}],"about":[{"href":"https:\/\/italian-ti-services.com.au\/it\/wp-json\/wp\/v2\/types\/page"}],"author":[{"embeddable":true,"href":"https:\/\/italian-ti-services.com.au\/it\/wp-json\/wp\/v2\/users\/1"}],"replies":[{"embeddable":true,"href":"https:\/\/italian-ti-services.com.au\/it\/wp-json\/wp\/v2\/comments?post=1659"}],"version-history":[{"count":74,"href":"https:\/\/italian-ti-services.com.au\/it\/wp-json\/wp\/v2\/pages\/1659\/revisions"}],"predecessor-version":[{"id":2117,"href":"https:\/\/italian-ti-services.com.au\/it\/wp-json\/wp\/v2\/pages\/1659\/revisions\/2117"}],"wp:attachment":[{"href":"https:\/\/italian-ti-services.com.au\/it\/wp-json\/wp\/v2\/media?parent=1659"}],"curies":[{"name":"wp","href":"https:\/\/api.w.org\/{rel}","templated":true}]}}